{"id":3728,"date":"2025-12-19T12:09:10","date_gmt":"2025-12-19T12:09:10","guid":{"rendered":"https:\/\/tongbang-intel.com\/rebobinadoras-start-stop\/"},"modified":"2026-02-08T02:54:56","modified_gmt":"2026-02-08T02:54:56","slug":"rebobinadoras-start-stop","status":"publish","type":"page","link":"https:\/\/tongbang-intel.com\/es\/rebobinadoras-start-stop\/","title":{"rendered":"Rebobinadoras Start-Stop"},"content":{"rendered":"\t\t<div data-elementor-type=\"wp-page\" data-elementor-id=\"3728\" class=\"elementor elementor-3728 elementor-1797\" data-elementor-post-type=\"page\">\n\t\t\t\t<div class=\"elementor-element elementor-element-6ba20cf e-flex e-con-boxed e-con e-parent\" data-id=\"6ba20cf\" data-element_type=\"container\" data-e-type=\"container\" data-settings=\"{&quot;background_background&quot;:&quot;classic&quot;}\">\n\t\t\t\t\t<div class=\"e-con-inner\">\n\t\t<div class=\"elementor-element elementor-element-e9b1af8 e-con-full e-flex e-con e-child\" data-id=\"e9b1af8\" data-element_type=\"container\" data-e-type=\"container\">\n\t\t\t\t<div class=\"elementor-element elementor-element-905462b elementor-mobile-align-center elementor-widget elementor-widget-button\" data-id=\"905462b\" data-element_type=\"widget\" data-e-type=\"widget\" data-widget_type=\"button.default\">\n\t\t\t\t\t\t\t\t\t\t<a class=\"elementor-button elementor-button-link elementor-size-sm\" href=\"#\">\n\t\t\t\t\t\t<span class=\"elementor-button-content-wrapper\">\n\t\t\t\t\t\t\t\t\t<span class=\"elementor-button-text\">SERIE DE ALTA EFICIENCIA<\/span>\n\t\t\t\t\t<\/span>\n\t\t\t\t\t<\/a>\n\t\t\t\t\t\t\t\t<\/div>\n\t\t\t\t<div class=\"elementor-element elementor-element-77903a0 elementor-widget elementor-widget-heading\" data-id=\"77903a0\" data-element_type=\"widget\" data-e-type=\"widget\" data-widget_type=\"heading.default\">\n\t\t\t\t\t<h1 class=\"elementor-heading-title elementor-size-default\">L\u00cdNEA\nREBOBINADORA START-STOP<\/h1>\t\t\t\t<\/div>\n\t\t\t\t<div class=\"elementor-element elementor-element-bab7d20 elementor-widget elementor-widget-text-editor\" data-id=\"bab7d20\" data-element_type=\"widget\" data-e-type=\"widget\" data-widget_type=\"text-editor.default\">\n\t\t\t\t\t\t\t\t\t<p>Tecnolog\u00eda de bobinado de alta precisi\u00f3n para una producci\u00f3n vers\u00e1til. Nuestras l\u00edneas start-stop ofrecen el equilibrio perfecto entre automatizaci\u00f3n y flexibilidad para fabricantes de papel higi\u00e9nico y toallas de cocina. <\/p>\t\t\t\t\t\t\t\t<\/div>\n\t\t<div class=\"elementor-element elementor-element-f9d23e3 e-con-full e-flex e-con e-child\" data-id=\"f9d23e3\" data-element_type=\"container\" data-e-type=\"container\">\n\t\t\t\t<div class=\"elementor-element elementor-element-aaac4b5 elementor-mobile-align-justify elementor-widget elementor-widget-button\" data-id=\"aaac4b5\" data-element_type=\"widget\" data-e-type=\"widget\" data-widget_type=\"button.default\">\n\t\t\t\t\t\t\t\t\t\t<a class=\"elementor-button elementor-button-link elementor-size-sm\" href=\"#portfolio\">\n\t\t\t\t\t\t<span class=\"elementor-button-content-wrapper\">\n\t\t\t\t\t\t\t\t\t<span class=\"elementor-button-text\">EXPLORAR MODELOS<\/span>\n\t\t\t\t\t<\/span>\n\t\t\t\t\t<\/a>\n\t\t\t\t\t\t\t\t<\/div>\n\t\t\t\t<div class=\"elementor-element elementor-element-e2cba09 elementor-mobile-align-justify elementor-widget-mobile__width-inherit elementor-widget elementor-widget-button\" data-id=\"e2cba09\" data-element_type=\"widget\" data-e-type=\"widget\" data-widget_type=\"button.default\">\n\t\t\t\t\t\t\t\t\t\t<a class=\"elementor-button elementor-button-link elementor-size-sm\" href=\"#comparison\">\n\t\t\t\t\t\t<span class=\"elementor-button-content-wrapper\">\n\t\t\t\t\t\t\t\t\t<span class=\"elementor-button-text\">COMPARAR ESPECIFICACIONES<\/span>\n\t\t\t\t\t<\/span>\n\t\t\t\t\t<\/a>\n\t\t\t\t\t\t\t\t<\/div>\n\t\t\t\t<\/div>\n\t\t\t\t<\/div>\n\t\t\t\t\t<\/div>\n\t\t\t\t<\/div>\n\t\t<div class=\"elementor-element elementor-element-6328925 e-flex e-con-boxed e-con e-parent\" data-id=\"6328925\" data-element_type=\"container\" data-e-type=\"container\">\n\t\t\t\t\t<div class=\"e-con-inner\">\n\t\t\t\t<div class=\"elementor-element elementor-element-cdef3d9 elementor-widget elementor-widget-html\" data-id=\"cdef3d9\" data-element_type=\"widget\" data-e-type=\"widget\" data-widget_type=\"html.default\">\n\t\t\t\t\t<!-- \n    SECTION: START-STOP TECHNOLOGY COMPARISON TABLE (UPDATED)\n    ID: #comparison-table\n    NOTE: Copy this entire block into an Elementor HTML Widget.\n-->\n\n<style>\n    \/* SCOPED CSS FOR COMPARISON TABLE *\/\n    .tb-comparison-block {\n        padding: 80px 5%;\n        background-color: #FFFFFF;\n        font-family: 'Barlow', sans-serif;\n    }\n\n    .tb-comp-header {\n        text-align: center;\n        margin-bottom: 50px;\n    }\n\n    .tb-comp-title {\n        font-family: 'Orbitron', sans-serif;\n        font-size: 2.2rem;\n        color: #0A192F;\n        text-transform: uppercase;\n        margin-bottom: 15px;\n        font-weight: 700;\n    }\n\n    .tb-comp-sub {\n        color: #64748B;\n        font-size: 1.1rem;\n    }\n\n    .tb-table-wrapper {\n        overflow-x: auto;\n        box-shadow: 0 10px 40px rgba(0, 0, 0, 0.05);\n        border-radius: 8px;\n        border: 1px solid #E2E8F0;\n        max-width: 1200px;\n        margin: 0 auto;\n    }\n\n    .tb-tech-table {\n        width: 100%;\n        border-collapse: collapse;\n        min-width: 800px;\n        \/* Ensure readability on mobile scroll *\/\n    }\n\n    .tb-tech-table th,\n    .tb-tech-table td {\n        padding: 20px 30px;\n        text-align: center;\n        border-bottom: 1px solid #F1F5F9;\n    }\n\n    .tb-tech-table th {\n        font-family: 'Orbitron', sans-serif;\n        background-color: #0A192F;\n        color: white;\n        font-weight: 600;\n        text-transform: uppercase;\n        font-size: 1rem;\n    }\n\n    .tb-tech-table th:first-child {\n        background-color: #112240;\n        \/* Slightly lighter navy *\/\n        text-align: left;\n        width: 25%;\n    }\n\n    .tb-tech-table td:first-child {\n        text-align: left;\n        font-weight: 700;\n        color: #0A192F;\n        background-color: #F8FAFC;\n    }\n\n    .tb-tech-table tr:last-child td {\n        border-bottom: none;\n    }\n\n    .tb-tech-table tr:hover td:not(:first-child) {\n        background-color: #F8FAFC;\n        transition: background-color 0.2s ease;\n    }\n\n    .tb-metric-highlight {\n        color: #0077C8;\n        \/* Tech Cyan *\/\n        font-weight: 700;\n    }\n\n    \/* Mobile Responsive *\/\n    @media (max-width: 768px) {\n        .tb-comp-title {\n            font-size: 1.8rem;\n        }\n\n        .tb-tech-table th,\n        .tb-tech-table td {\n            padding: 15px 15px;\n            font-size: 0.9rem;\n        }\n    }\n<\/style>\n\n<div id=\"comparison\" class=\"tb-comparison-block\">\n    <div class=\"tb-comp-header\">\n        <h2 class=\"tb-comp-title\">Comparaci\u00f3n de Tecnolog\u00edas<\/h2>\n        <p class=\"tb-comp-sub\">Elija la capacidad adecuada para sus objetivos de producci\u00f3n.<\/p>\n    <\/div>\n\n    <div class=\"tb-table-wrapper\">\n        <table class=\"tb-tech-table\">\n            <thead>\n                <!-- T\u00cdTULOS ACTUALIZADOS A C\u00d3DIGOS REALES -->\n                <tr>\n                    <th>Especificaci\u00f3n<\/th>\n                    <th>TB-FJC300<\/th>\n                    <th>TB-FJC400<\/th>\n                <\/tr>\n            <\/thead>\n            <tbody>\n                <tr>\n                    <td>Velocidad de Trabajo<\/td>\n                    <td class=\"tb-metric-highlight\">300 m\/min<\/td>\n                    <td class=\"tb-metric-highlight\">400 m\/min<\/td>\n                <\/tr>\n                <tr>\n                    <td>Ancho de Bobina Jumbo<\/td>\n                    <td>M\u00e1x. 2800 mm<\/td>\n                    <td>M\u00e1x. 3600 mm<\/td>\n                <\/tr>\n                <tr>\n                    <td>Nivel de Automatizaci\u00f3n<\/td>\n                    <td>Semi-Autom\u00e1tico \/ Totalmente Autom\u00e1tico<\/td>\n                    <td>Totalmente Autom\u00e1tico + Listo para la Nube<\/td>\n                <\/tr>\n                <tr>\n                    <td>Potencia Motriz<\/td>\n                    <td>37.5 KW<\/td>\n                    <td>75 KW<\/td>\n                <\/tr>\n                <tr>\n                    <td>Ideal Para<\/td>\n                    <td>Convertidores Peque\u00f1os a Medianos<\/td>\n                    <td>Producci\u00f3n Industrial de Alto Volumen<\/td>\n                <\/tr>\n            <\/tbody>\n        <\/table>\n    <\/div>\n<\/div>\t\t\t\t<\/div>\n\t\t\t\t\t<\/div>\n\t\t\t\t<\/div>\n\t\t<div class=\"elementor-element elementor-element-7c48361 e-flex e-con-boxed e-con e-parent\" data-id=\"7c48361\" data-element_type=\"container\" data-e-type=\"container\">\n\t\t\t\t\t<div class=\"e-con-inner\">\n\t\t\t\t<div class=\"elementor-element elementor-element-0b50b04 elementor-widget elementor-widget-html\" data-id=\"0b50b04\" data-element_type=\"widget\" data-e-type=\"widget\" data-widget_type=\"html.default\">\n\t\t\t\t\t<!-- \n    SECCI\u00d3N: LINEA DE PRODUCTOS (SERIE START-STOP) - ENLACES FINALES CORREGIDOS\n    MARCA: Tongbang Intelligent Equipment\n-->\n\n<style>\n    \/* FUENTES *\/\n    @import url('https:\/\/fonts.googleapis.com\/css2?family=Barlow:wght@400 ;600;700&family=Orbitron:wght@700&display=swap');\n\n    .tb-lineup-section {\n        padding: 100px 5%;\n        background-color: #F8FAFC; \n        font-family: 'Barlow', sans-serif;\n    }\n\n    .tb-lineup-header {\n        text-align: center;\n        margin-bottom: 60px;\n    }\n\n    .tb-lineup-title {\n        font-family: 'Orbitron', sans-serif;\n        font-size: 2.8rem;\n        color: #0A192F;\n        text-transform: uppercase;\n        margin-bottom: 10px;\n        font-weight: 700;\n        letter-spacing: 2px;\n    }\n\n    .tb-lineup-subtitle {\n        color: #0077C8;\n        font-weight: 600;\n        text-transform: uppercase;\n        letter-spacing: 3px;\n        font-size: 0.9rem;\n    }\n\n    .tb-lineup-grid {\n        display: grid;\n        grid-template-columns: repeat(2, 1fr);\n        gap: 30px;\n        max-width: 1200px;\n        margin: 0 auto;\n    }\n\n    \/* ESTILOS DE TARJETAS *\/\n    .tb-prod-card {\n        background: #FFFFFF;\n        border-radius: 4px;\n        overflow: hidden;\n        border: 1px solid #E2E8F0;\n        transition: all 0.4s cubic-bezier(0.165, 0.84, 0.44, 1);\n        display: flex;\n        flex-direction: column;\n    }\n\n    .tb-prod-card:hover {\n        transform: translateY(-12px);\n        box-shadow: 0 30px 60px rgba(10, 25, 47, 0.15);\n        border-color: #0077C8;\n    }\n\n    .tb-card-img-wrap {\n        position: relative;\n        height: 350px;\n        overflow: hidden;\n        background-color: #f4f7f9;\n        display: flex;\n        align-items: center;\n        justify-content: center;\n    }\n\n    .tb-card-img {\n        width: 90%;\n        height: auto;\n        object-fit: contain;\n        transition: transform 0.6s ease;\n    }\n\n    .tb-card-badge {\n        position: absolute;\n        top: 20px;\n        right: 20px;\n        background: #F05A00;\n        color: white;\n        padding: 5px 15px;\n        font-size: 0.75rem;\n        font-weight: 700;\n        text-transform: uppercase;\n        border-radius: 2px;\n        z-index: 10;\n    }\n\n    .tb-card-body {\n        padding: 40px;\n        flex-grow: 1;\n        display: flex;\n        flex-direction: column;\n    }\n\n    .tb-card-title {\n        font-family: 'Orbitron', sans-serif;\n        font-size: 2rem;\n        color: #0A192F;\n        margin-bottom: 5px;\n        font-weight: 700;\n    }\n\n    .tb-card-tag {\n        color: #64748B;\n        font-weight: 500;\n        text-transform: uppercase;\n        font-size: 0.9rem;\n        margin-bottom: 25px;\n        letter-spacing: 1px;\n    }\n\n    .tb-feat-list {\n        list-style: none;\n        padding: 0;\n        margin: 0 0 35px 0;\n    }\n\n    .tb-feat-list li {\n        position: relative;\n        padding-left: 30px;\n        margin-bottom: 15px;\n        color: #1E293B;\n        font-size: 1rem;\n    }\n\n    .tb-feat-list li::before {\n        content: '\u2713';\n        position: absolute;\n        left: 0;\n        color: #0077C8;\n        font-weight: 900;\n    }\n\n    \/* --- SISTEMA DE BOTONES (ACTUALIZADO) --- *\/\n    .tb-card-actions {\n        margin-top: auto;\n        display: flex;\n        width: 100%;\n    }\n\n    .tb-btn-primary {\n        width: 100%;\n        display: inline-flex !important;\n        align-items: center;\n        justify-content: center;\n        min-height: 60px !important;\n        background-color: #F05A00 !important;\n        color: white !important;\n        font-family: 'Orbitron', sans-serif !important;\n        font-weight: 700;\n        text-transform: uppercase;\n        font-size: 0.95rem;\n        letter-spacing: 1.5px;\n        border-radius: 2px;\n        border: 2px solid #F05A00 !important;\n        text-decoration: none;\n        transition: all 0.3s ease-in-out;\n    }\n\n    .tb-btn-primary:hover {\n        background-color: #0077C8 !important;\n        border-color: #0077C8 !important;\n        box-shadow: 0px 0px 25px rgba(0, 119, 200, 0.6) !important;\n        transform: translateY(-3px);\n    }\n\n    @media (max-width: 992px) {\n        .tb-lineup-grid { grid-template-columns: 1fr; gap: 40px; }\n        .tb-btn-primary { min-height: 65px !important; font-size: 1rem; }\n    }\n\n    @media (max-width: 480px) {\n        .tb-lineup-title { font-size: 2rem; }\n        .tb-card-body { padding: 30px; }\n        .tb-btn-primary { min-height: 60px !important; }\n    }\n<\/style>\n\n<div id=\"portfolio\" class=\"tb-lineup-section\">\n    <div class=\"tb-lineup-header\">\n        <p class=\"tb-lineup-subtitle\">Conversi\u00f3n de Alta Precisi\u00f3n<\/p>\n        <h2 class=\"tb-lineup-title\">Serie Start-Stop<\/h2>\n    <\/div>\n\n    <div class=\"tb-lineup-grid\">\n\n        <!-- TARJETA 1: TB-FJC300 -->\n        <div class=\"tb-prod-card\">\n            <div class=\"tb-card-img-wrap\">\n                <img decoding=\"async\" src=\"https:\/\/tongbang-intel.com\/wp-content\/uploads\/2025\/12\/Start-300-CT.jpg \" class=\"tb-card-img\" alt=\"TB-FJC300\">\n                <div class=\"tb-card-badge\">Est\u00e1ndar<\/div>\n            <\/div>\n            <div class=\"tb-card-body\">\n                <h3 class=\"tb-card-title\">TB-FJC300<\/h3>\n                <p class=\"tb-card-tag\">L\u00ednea de Rebobinado Start-Stop<\/p>\n                <ul class=\"tb-feat-list\">\n                    <li>Velocidad de Producci\u00f3n: 300 m\/min<\/li>\n                    <li>Alimentaci\u00f3n Autom\u00e1tica de N\u00facleos y Corte de Web<\/li>\n                    <li>Control Inteligente PLC Siemens<\/li>\n                    <li>Dise\u00f1o Compacto para Optimizaci\u00f3n de Espacio<\/li>\n                    <li>Perfecto para Peque\u00f1as y Medianas Empresas<\/li>\n                <\/ul>\n                <div class=\"tb-card-actions\">\n                    <a href=\"https:\/\/tongbang-intel.com\/tb-fjc300-start-stop-rewind-line\/ \" class=\"tb-btn-primary\">SABER M\u00c1S &nbsp; &#8594;<\/a>\n                <\/div>\n            <\/div>\n        <\/div>\n\n        <!-- TARJETA 2: TB-FJC400 -->\n        <div class=\"tb-prod-card\">\n            <div class=\"tb-card-img-wrap\">\n                <img decoding=\"async\" src=\"https:\/\/tongbang-intel.com\/wp-content\/uploads\/2025\/12\/Start-400-CT.jpg \" class=\"tb-card-img\" alt=\"TB-FJC400\">\n                <div class=\"tb-card-badge\" style=\"background-color: #0077C8;\">Alta Velocidad<\/div>\n            <\/div>\n            <div class=\"tb-card-body\">\n                <h3 class=\"tb-card-title\">TB-FJC400<\/h3>\n                <p class=\"tb-card-tag\">L\u00ednea de Rebobinado Start-Stop<\/p>\n                <ul class=\"tb-feat-list\">\n                    <li>Velocidad de Producci\u00f3n: 400 m\/min<\/li>\n                    <li>Sistema Reforzado de Alta Potencia 75KW<\/li>\n                    <li>Camino de Web Estructural de Servicio Pesado<\/li>\n                    <li>Opciones Avanzadas de Laminaci\u00f3n y Grabado<\/li>\n                    <li>Dise\u00f1ado para Operaci\u00f3n Continua 24\/7<\/li>\n                <\/ul>\n                <div class=\"tb-card-actions\">\n                    <a href=\"https:\/\/tongbang-intel.com\/tb-fjc400-start-stop-rewind-line\/ \" class=\"tb-btn-primary\">SABER M\u00c1S &nbsp; &#8594;<\/a>\n                <\/div>\n            <\/div>\n        <\/div>\n\n    <\/div>\n<\/div>\t\t\t\t<\/div>\n\t\t\t\t\t<\/div>\n\t\t\t\t<\/div>\n\t\t\t\t<\/div>\n\t\t","protected":false},"excerpt":{"rendered":"<p>SERIE DE ALTA EFICIENCIA L\u00cdNEA REBOBINADORA START-STOP Tecnolog\u00eda de bobinado de alta precisi\u00f3n para una producci\u00f3n vers\u00e1til. Nuestras l\u00edneas start-stop ofrecen el equilibrio perfecto entre automatizaci\u00f3n y flexibilidad para fabricantes de papel higi\u00e9nico y toallas de cocina. EXPLORAR MODELOS COMPARAR ESPECIFICACIONES Comparaci\u00f3n de Tecnolog\u00edas Elija la capacidad adecuada para sus objetivos de producci\u00f3n. Especificaci\u00f3n TB-FJC300 [&hellip;]<\/p>\n","protected":false},"author":1,"featured_media":0,"parent":0,"menu_order":0,"comment_status":"closed","ping_status":"closed","template":"","meta":{"inline_featured_image":false,"footnotes":""},"class_list":["post-3728","page","type-page","status-publish","hentry"],"_links":{"self":[{"href":"https:\/\/tongbang-intel.com\/es\/wp-json\/wp\/v2\/pages\/3728","targetHints":{"allow":["GET"]}}],"collection":[{"href":"https:\/\/tongbang-intel.com\/es\/wp-json\/wp\/v2\/pages"}],"about":[{"href":"https:\/\/tongbang-intel.com\/es\/wp-json\/wp\/v2\/types\/page"}],"author":[{"embeddable":true,"href":"https:\/\/tongbang-intel.com\/es\/wp-json\/wp\/v2\/users\/1"}],"replies":[{"embeddable":true,"href":"https:\/\/tongbang-intel.com\/es\/wp-json\/wp\/v2\/comments?post=3728"}],"version-history":[{"count":9,"href":"https:\/\/tongbang-intel.com\/es\/wp-json\/wp\/v2\/pages\/3728\/revisions"}],"predecessor-version":[{"id":6346,"href":"https:\/\/tongbang-intel.com\/es\/wp-json\/wp\/v2\/pages\/3728\/revisions\/6346"}],"wp:attachment":[{"href":"https:\/\/tongbang-intel.com\/es\/wp-json\/wp\/v2\/media?parent=3728"}],"curies":[{"name":"wp","href":"https:\/\/api.w.org\/{rel}","templated":true}]}}