{"id":8508,"date":"2026-04-08T05:44:39","date_gmt":"2026-04-08T05:44:39","guid":{"rendered":"https:\/\/tongbang-intel.com\/lineas-de-produccion-industrial-de-toallas-de-mano\/"},"modified":"2026-04-13T03:57:48","modified_gmt":"2026-04-13T03:57:48","slug":"lineas-de-produccion-industrial-de-toallas-de-mano","status":"publish","type":"page","link":"https:\/\/tongbang-intel.com\/es\/lineas-de-produccion-industrial-de-toallas-de-mano\/","title":{"rendered":"L\u00edneas de producci\u00f3n industrial de toallas de mano"},"content":{"rendered":"\t\t<div data-elementor-type=\"wp-page\" data-elementor-id=\"8508\" class=\"elementor elementor-8508 elementor-8349\" data-elementor-post-type=\"page\">\n\t\t\t\t<div class=\"elementor-element elementor-element-2e05aad e-con-full e-flex e-con e-parent\" data-id=\"2e05aad\" data-element_type=\"container\" data-e-type=\"container\">\n\t\t\t\t<div class=\"elementor-element elementor-element-52c7b0c elementor-widget elementor-widget-html\" data-id=\"52c7b0c\" data-element_type=\"widget\" data-e-type=\"widget\" data-widget_type=\"html.default\">\n\t\t\t\t\t<!-- \n    ========================================================\n    HERO SECTION: INDUSTRIAL HAND TOWEL LINES (LIGHT THEME)\n    ========================================================\n-->\n<!-- Cargamos las fuentes t\u00e9cnicas desde Google Fonts -->\n<link href=\"https:\/\/fonts.googleapis.com\/css2?family=Orbitron:wght@500;700;900&family=Roboto:wght@400;500;700&display=swap\" rel=\"stylesheet\">\n<style>\n    \/* Hero Wrapper *\/\n    .tb-hero-section {\n        position: relative;\n        width: 100%;\n        min-height: 80vh; \n        display: flex;\n        align-items: center;\n        \/* Fondo difuminado claro hacia transparente *\/\n        background: linear-gradient(90deg, rgba(244, 246, 248, 1) 0%, rgba(244, 246, 248, 0.85) 45%, rgba(244, 246, 248, 0.1) 100%), \n                    url('https:\/\/tongbang-intel.com\/wp-content\/uploads\/2026\/03\/Automatic-Film-Wrapping-Hand-Towel-Line.webp') center right\/cover no-repeat;\n        \/* Color s\u00f3lido de respaldo por si no carga la imagen *\/\n        background-color: #F4F6F8;\n        font-family: 'Roboto', sans-serif;\n        padding: 40px 20px;\n    }\n\n    \/* Container to map max-width *\/\n    .tb-hero-container {\n        max-width: 1400px;\n        width: 100%;\n        margin: 0 auto;\n        display: flex;\n        flex-direction: column;\n        align-items: flex-start;\n    }\n\n    \/* Top Pill Badge *\/\n    .tb-hero-badge {\n        display: inline-block;\n        background: #F05A22; \n        color: #FFFFFF !important;\n        font-size: 0.8rem;\n        font-weight: 700;\n        text-transform: uppercase;\n        letter-spacing: 1px;\n        padding: 8px 20px;\n        border-radius: 30px;\n        margin-bottom: 25px;\n    }\n\n    \/* Main Title - CORREGIDO CON !important *\/\n    .tb-hero-title {\n        font-family: 'Orbitron', sans-serif !important;\n        color: #001529 !important; \/* OBLIGA A SER AZUL OSCURO, ANULA A ELEMENTOR *\/\n        font-size: 4.5rem !important;\n        font-weight: 900 !important;\n        text-transform: uppercase;\n        line-height: 1.15;\n        margin: 0 0 25px 0;\n        letter-spacing: -1px;\n    }\n\n    \/* Subtitle \/ Paragraph *\/\n    .tb-hero-subtitle {\n        color: #4B5563 !important; \/* Gris oscuro obligado para asegurar lectura *\/\n        font-size: 1.15rem;\n        line-height: 1.8;\n        max-width: 700px;\n        margin: 0 0 40px 0;\n        font-weight: 500;\n    }\n\n    \/* Button Group *\/\n    .tb-hero-bts {\n        display: flex;\n        gap: 20px;\n        flex-wrap: wrap;\n    }\n\n    \/* Primary Orange Button *\/\n    .tb-hero-btn-primary {\n        display: inline-flex;\n        align-items: center;\n        justify-content: center;\n        background: #F05A22 !important;\n        color: #FFFFFF !important;\n        font-family: 'Orbitron', sans-serif;\n        font-weight: 700;\n        font-size: 0.95rem;\n        text-transform: uppercase;\n        letter-spacing: 1px;\n        padding: 16px 36px;\n        border: none;\n        border-radius: 4px;\n        text-decoration: none;\n        transition: all 0.3s ease;\n    }\n\n    .tb-hero-btn-primary:hover {\n        background: #D94A17 !important;\n        transform: translateY(-2px);\n        box-shadow: 0 10px 20px rgba(240, 90, 34, 0.2);\n    }\n\n    \/* Secondary Transparent Button *\/\n    .tb-hero-btn-secondary {\n        display: inline-flex;\n        align-items: center;\n        justify-content: center;\n        background: transparent !important;\n        color: #001529 !important;\n        font-family: 'Orbitron', sans-serif;\n        font-weight: 700;\n        font-size: 0.95rem;\n        text-transform: uppercase;\n        letter-spacing: 1px;\n        padding: 14px 34px; \n        border: 2px solid #001529 !important;\n        border-radius: 4px;\n        text-decoration: none;\n        transition: all 0.3s ease;\n    }\n\n    .tb-hero-btn-secondary:hover {\n        background: #001529 !important; \n        color: #FFFFFF !important; \n        transform: translateY(-2px);\n        box-shadow: 0 10px 20px rgba(0, 21, 41, 0.1);\n    }\n\n    \/* Responsive Design *\/\n    @media (max-width: 1024px) {\n        .tb-hero-title { font-size: 3.5rem !important; }\n        .tb-hero-section { background: linear-gradient(90deg, rgba(244, 246, 248, 1) 0%, rgba(244, 246, 248, 0.95) 70%, rgba(244, 246, 248, 0.6) 100%), url('https:\/\/tongbang-intel.com\/wp-content\/uploads\/2026\/03\/Automatic-Film-Wrapping-Hand-Towel-Line.webp') center right\/cover no-repeat; }\n    }\n\n    @media (max-width: 768px) {\n        .tb-hero-section { min-height: 70vh; padding: 60px 20px; }\n        .tb-hero-title { font-size: 2.6rem !important; }\n        .tb-hero-subtitle { font-size: 1rem; }\n        .tb-hero-bts { flex-direction: column; width: 100%; }\n        .tb-hero-btn-primary, .tb-hero-btn-secondary { width: 100%; text-align: center; }\n    }\n<\/style>\n\n<div class=\"tb-hero-section\">\n    <div class=\"tb-hero-container\">\n        <div class=\"tb-hero-badge\">CATEGOR\u00cdA DE PRODUCTO<\/div>\n        <h1 class=\"tb-hero-title\">L\u00cdNEAS DE<br\/>TOALLAS DE MANO<br\/>INDUSTRIALES\n        <\/h1>\n        <p class=\"tb-hero-subtitle\">Dise\u00f1adas con precisi\u00f3n para los mercados de higiene comercial. Nuestro portafolio de toallas de mano en V abarca desde m\u00f3dulos semiautom\u00e1ticos flexibles hasta sistemas rob\u00f3ticos 100% llave en mano, destacando por su envoltura de film a alta velocidad y enfajado en papel kraft sin pl\u00e1stico.\n        <\/p>\n        <div class=\"tb-hero-bts\">\n            <a href=\"#portfolio-grid\" class=\"tb-hero-btn-primary\" onclick=\"document.querySelector('.tb-portfolio-wrapper').scrollIntoView({behavior: 'smooth'})\">EXPLORAR MODELOS\n            <\/a>\n            <a href=\"#hand-towel-comparison\" class=\"tb-hero-btn-secondary\" onclick=\"document.getElementById('hand-towel-comparison').scrollIntoView({behavior: 'smooth'})\">COMPARAR ESPECIFICACIONES\n            <\/a>\n        <\/div>\n    <\/div>\n<\/div>\n\t\t\t\t<\/div>\n\t\t\t\t<\/div>\n\t\t<div class=\"elementor-element elementor-element-79e7eaa e-con-full e-flex e-con e-parent\" data-id=\"79e7eaa\" data-element_type=\"container\" data-e-type=\"container\">\n\t\t\t\t<div class=\"elementor-element elementor-element-d9f42e2 elementor-widget elementor-widget-html\" data-id=\"d9f42e2\" data-element_type=\"widget\" data-e-type=\"widget\" data-widget_type=\"html.default\">\n\t\t\t\t\t<!-- \n    ========================================================\n    L\u00cdNEAS DE TOALLAS DE MANO EN V: TABLA COMPARATIVA\n    ========================================================\n-->\n<style>\n    \/* SCOPED CSS FOR COMPARISON TABLE *\/\n    .tb-comparison-block {\n        padding: 80px 5%;\n        background-color: #FFFFFF;\n        font-family: 'Roboto', 'Helvetica', sans-serif;\n    }\n\n    .tb-comp-header {\n        text-align: center;\n        margin-bottom: 50px;\n    }\n\n    .tb-comp-title {\n        font-size: 2.2rem;\n        color: #001529;\n        text-transform: uppercase;\n        margin-bottom: 15px;\n        font-weight: 800;\n        letter-spacing: -0.5px;\n    }\n\n    .tb-comp-sub {\n        color: #5A6C7D;\n        font-size: 1.1rem;\n        margin: 0;\n    }\n\n    .tb-table-wrapper {\n        overflow-x: auto;\n        box-shadow: 0 10px 40px rgba(0, 0, 0, 0.05);\n        border-radius: 8px;\n        border: 1px solid #E5E7EB;\n        max-width: 1200px;\n        margin: 0 auto;\n    }\n\n    .tb-tech-table {\n        width: 100%;\n        border-collapse: collapse;\n        min-width: 900px; \n    }\n\n    .tb-tech-table th,\n    .tb-tech-table td {\n        padding: 20px 25px;\n        text-align: center;\n        border-bottom: 1px solid #F3F4F6;\n        line-height: 1.4;\n    }\n\n    .tb-tech-table th {\n        background-color: #001529;\n        color: white;\n        font-weight: 600;\n        text-transform: uppercase;\n        font-size: 0.95rem;\n        letter-spacing: 0.5px;\n    }\n\n    .tb-tech-table th:first-child {\n        background-color: #000B1A;\n        text-align: left;\n        width: 25%;\n    }\n\n    .tb-tech-table td:first-child {\n        text-align: left;\n        font-weight: 700;\n        color: #001529;\n        background-color: #F8F9FA;\n    }\n\n    .tb-tech-table tr:last-child td {\n        border-bottom: none;\n    }\n\n    .tb-tech-table tr:hover td:not(:first-child) {\n        background-color: #F0F7FF;\n        transition: background-color 0.2s ease;\n    }\n\n    .tb-metric-highlight {\n        color: #0077C8;\n        font-weight: 700;\n    }\n    \n    .tb-eco-highlight {\n        color: #10B981; \/* Verde ecol\u00f3gico *\/\n        font-weight: 700;\n    }\n\n    \/* Mobile Responsive *\/\n    @media (max-width: 768px) {\n        .tb-comp-title { font-size: 1.8rem; }\n        .tb-tech-table th, .tb-tech-table td { padding: 15px 15px; font-size: 0.9rem; }\n    }\n<\/style>\n\n<div id=\"hand-towel-comparison\" class=\"tb-comparison-block\">\n    <div class=\"tb-comp-header\">\n        <h2 class=\"tb-comp-title\">Comparaci\u00f3n Tecnol\u00f3gica<\/h2>\n        <p class=\"tb-comp-sub\">Compare los elementos centrales de automatizaci\u00f3n para elegir su l\u00ednea de producci\u00f3n de plegado en V \u00f3ptima.<\/p>\n    <\/div>\n    <div class=\"tb-table-wrapper\">\n        <table class=\"tb-tech-table\">\n            <thead>\n                <tr>\n                    <th>Especificaci\u00f3n<\/th>\n                    <th>L\u00ednea Semiautom\u00e1tica de Envoltura con Pel\u00edcula<\/th>\n                    <th>L\u00ednea Completamente Autom\u00e1tica de Envoltura con Pel\u00edcula<\/th>\n                    <th>L\u00ednea Completamente Autom\u00e1tica de Enfajado Kraft<\/th>\n                <\/tr>\n            <\/thead>\n            <tbody>\n                <tr>\n                    <td>Nivel de Automatizaci\u00f3n del Sistema<\/td>\n                    <td>Semiautom\u00e1tico<\/td>\n                    <td class=\"tb-metric-highlight\">100% Completamente Autom\u00e1tico<\/td>\n                    <td class=\"tb-metric-highlight\">100% Completamente Autom\u00e1tico<\/td>\n                <\/tr>\n                <tr>\n                    <td>Material de Empaque Principal<\/td>\n                    <td>Pel\u00edcula Pl\u00e1stica<\/td>\n                    <td>Pel\u00edcula Pl\u00e1stica<\/td>\n                    <td class=\"tb-eco-highlight\">Papel Kraft (100% Ecol\u00f3gico)<\/td>\n                <\/tr>\n                <tr>\n                    <td>Tecnolog\u00eda de Plegado<\/td>\n                    <td>Plegado Avanzado Z\/N con Servo<\/td>\n                    <td>Plegado Avanzado Z\/N con Servo<\/td>\n                    <td>Plegado Avanzado Z\/N con Servo<\/td>\n                <\/tr>\n                <tr>\n                    <td>Unidad de Empaque<\/td>\n                    <td>Estaci\u00f3n Integrada con Operador<\/td>\n                    <td>Envoltura Autom\u00e1tica con Pel\u00edcula<\/td>\n                    <td>Unidad Autom\u00e1tica de Enfajado Kraft<\/td>\n                <\/tr>\n                <tr>\n                    <td>Manejo de Fin de L\u00ednea<\/td>\n                    <td>Paletizado Manual<\/td>\n                    <td class=\"tb-metric-highlight\">Sistema de Paletizado Rob\u00f3tico<\/td>\n                    <td class=\"tb-metric-highlight\">Sistema de Clasificaci\u00f3n Automatizado<\/td>\n                <\/tr>\n                <tr>\n                    <td>Mercado Objetivo \/ Ideal Para<\/td>\n                    <td>Operaciones de escalado mediano<\/td>\n                    <td>Suministro comercial masivo sin contacto<\/td>\n                    <td class=\"tb-eco-highlight\">Mercados Sostenibles y Ecol\u00f3gicos<\/td>\n                <\/tr>\n            <\/tbody>\n        <\/table>\n    <\/div>\n<\/div>\n\t\t\t\t<\/div>\n\t\t\t\t<\/div>\n\t\t<div class=\"elementor-element elementor-element-8027d5f e-con-full e-flex e-con e-parent\" data-id=\"8027d5f\" data-element_type=\"container\" data-e-type=\"container\">\n\t\t\t\t<div class=\"elementor-element elementor-element-bdbcafb elementor-widget elementor-widget-html\" data-id=\"bdbcafb\" data-element_type=\"widget\" data-e-type=\"widget\" data-widget_type=\"html.default\">\n\t\t\t\t\t<!-- ========================================================\n     CUADR\u00cdCULA DE PORTAFOLIO DE L\u00cdNEAS DE TOALLAS DE MANO TONG BANG (T\u00cdTULOS CORREGIDOS)\n     ======================================================== -->\n<style>\n\/* Sistema de Dise\u00f1o de Cuadr\u00edcula *\/\n.tb-portfolio-wrapper {\n    max-width: 1400px;\n    margin: 0 auto;\n    font-family: 'Roboto', 'Helvetica', sans-serif;\n    padding: 0 20px 60px 20px;\n}\n\n\/* Cuadr\u00edcula y Tarjetas *\/\n.tb-portfolio-grid {\n    display: grid;\n    grid-template-columns: repeat(auto-fit, minmax(320px, 1fr));\n    gap: 40px;\n}\n.tb-port-card {\n    background: #FFFFFF;\n    border: 1px solid #E5E7EB;\n    border-radius: 8px;\n    overflow: hidden;\n    display: flex;\n    flex-direction: column;\n    box-shadow: 0 4px 6px rgba(0, 0, 0, 0.05);\n    transition: transform 0.3s ease, box-shadow 0.3s ease;\n    position: relative;\n}\n.tb-port-card:hover {\n    transform: translateY(-5px);\n    box-shadow: 0 15px 30px rgba(0, 21, 41, 0.1);\n}\n\n\/* Insignias *\/\n.tb-port-badge {\n    position: absolute;\n    top: 20px;\n    right: 20px;\n    color: #FFFFFF;\n    padding: 6px 14px;\n    border-radius: 4px;\n    font-size: 0.75rem;\n    font-weight: 700;\n    text-transform: uppercase;\n    letter-spacing: 0.5px;\n    z-index: 2;\n}\n.badge-orange { background: #F05A22; }\n.badge-blue { background: #0077C8; }\n.badge-navy { background: #001529; }\n\n\/* \u00c1rea de Imagen *\/\n.tb-port-image-wrap {\n    width: 100%;\n    height: 260px;\n    background: #FFFFFF;\n    padding: 30px;\n    display: flex;\n    justify-content: center;\n    align-items: center;\n    border-bottom: 1px solid #E5E7EB;\n}\n.tb-port-image-wrap img {\n    max-width: 100%;\n    max-height: 100%;\n    object-fit: contain;\n}\n\n\/* \u00c1rea de Contenido *\/\n.tb-port-content {\n    padding: 35px;\n    flex-grow: 1;\n    display: flex;\n    flex-direction: column;\n}\n\/* Reduje un poco el tama\u00f1o de fuente porque los t\u00edtulos ahora son m\u00e1s largos *\/\n.tb-port-title {\n    font-size: 1.15rem; \n    font-weight: 800;\n    color: #001529;\n    margin: 0 0 10px 0;\n    line-height: 1.4;\n    text-transform: uppercase;\n}\n.tb-port-subcat {\n    font-size: 0.85rem;\n    color: #9CA3AF;\n    text-transform: uppercase;\n    letter-spacing: 1px;\n    margin-bottom: 25px;\n    font-weight: 600;\n}\n\n\/* Vi\u00f1etas *\/\n.tb-port-bullets {\n    list-style: none;\n    padding: 0;\n    margin: 0 0 35px 0;\n    flex-grow: 1;\n}\n.tb-port-bullets li {\n    position: relative;\n    padding-left: 24px;\n    margin-bottom: 14px;\n    font-size: 0.95rem;\n    color: #4B5563;\n    line-height: 1.4;\n}\n.tb-port-bullets li::before {\n    content: \"\u2713\";\n    color: #0077C8;\n    font-weight: bold;\n    font-size: 1.1rem;\n    position: absolute;\n    left: 0;\n    top: -2px;\n}\n\n\/* Bot\u00f3n *\/\n.tb-port-btn {\n    display: block;\n    text-align: center;\n    background: #F05A22;\n    color: #FFFFFF;\n    text-decoration: none;\n    padding: 16px 20px;\n    border-radius: 4px;\n    font-weight: 700;\n    font-size: 1rem;\n    transition: background 0.3s ease;\n    text-transform: uppercase;\n    letter-spacing: 0.5px;\n}\n.tb-port-btn:hover { background: #E04815; color: #FFFFFF; }\n\n@media (max-width: 1024px) { .tb-portfolio-grid { grid-template-columns: repeat(2, 1fr); } }\n@media (max-width: 768px) { .tb-portfolio-grid { grid-template-columns: 1fr; } }\n<\/style>\n\n<div class=\"tb-portfolio-wrapper\">\n    <div class=\"tb-portfolio-grid\">\n        <!-- Card 1: Semi-Auto Film Wrapping -->\n        <div class=\"tb-port-card\">\n            <span class=\"tb-port-badge badge-blue\">SEMIAUTOM\u00c1TICA<\/span>\n            <div class=\"tb-port-image-wrap\">\n                <img decoding=\"async\" src=\"https:\/\/tongbang-intel.com\/wp-content\/uploads\/2026\/03\/Semi-Automatic-Film-Wrapping-Hand-Towel-Line.webp\" alt=\"L\u00ednea Semiautom\u00e1tica de Envoltura con Pel\u00edcula para Toallas de Mano\">\n            <\/div>\n            <div class=\"tb-port-content\">\n                <h3 class=\"tb-port-title\">L\u00cdNEA SEMIAUTOM\u00c1TICA DE ENVOLTURA CON PEL\u00cdCULA PARA TOALLAS DE MANO<\/h3>\n                <div class=\"tb-port-subcat\">L\u00cdNEA DE TOALLAS DE MANO EN V<\/div>\n                <ul class=\"tb-port-bullets\">\n                    <li>Resultado exterior profesional envuelto con pel\u00edcula<\/li>\n                    <li>Estaci\u00f3n de empaque integrada con operador<\/li>\n                    <li>Motor de plegado Z\/N de alto rendimiento<\/li>\n                    <li>Dise\u00f1o modular escalable y rentable<\/li>\n                    <li>Perfecto para expandir operaciones de f\u00e1brica<\/li>\n                <\/ul>\n                <a href=\"https:\/\/tongbang-intel.com\/semi-automatic-film-wrapping-hand-towel-line\/\" class=\"tb-port-btn\">M\u00c1S INFORMACI\u00d3N \u2192<\/a>\n            <\/div>\n        <\/div>\n\n        <!-- Card 2: Fully Auto Film Wrapping -->\n        <div class=\"tb-port-card\">\n            <span class=\"tb-port-badge badge-navy\">COMPLETAMENTE AUTOM\u00c1TICA<\/span>\n            <div class=\"tb-port-image-wrap\">\n                <img decoding=\"async\" src=\"https:\/\/tongbang-intel.com\/wp-content\/uploads\/2026\/03\/Automatic-Film-Wrapping-Hand-Towel-Line.webp\" alt=\"L\u00ednea Completamente Autom\u00e1tica de Envoltura con Pel\u00edcula para Toallas de Mano\">\n            <\/div>\n            <div class=\"tb-port-content\">\n                <h3 class=\"tb-port-title\">L\u00cdNEA COMPLETAMENTE AUTOM\u00c1TICA DE ENVOLTURA CON PEL\u00cdCULA PARA TOALLAS DE MANO<\/h3>\n                <div class=\"tb-port-subcat\">L\u00cdNEA LLAVE EN MANO EN V<\/div>\n                <ul class=\"tb-port-bullets\">\n                    <li>Tecnolog\u00eda avanzada de plegado Z\/N con servo<\/li>\n                    <li>Envoltura autom\u00e1tica sincronizada con pel\u00edcula<\/li>\n                    <li>Sistema de Paletizado Rob\u00f3tico de fin de l\u00ednea<\/li>\n                    <li>Producci\u00f3n comercial masiva sin contacto<\/li>\n                    <li>Elimina los gastos generales de empaque manual<\/li>\n                <\/ul>\n                <a href=\"https:\/\/tongbang-intel.com\/automatic-hand-towel-line\/\" class=\"tb-port-btn\">M\u00c1S INFORMACI\u00d3N \u2192<\/a>\n            <\/div>\n        <\/div>\n\n        <!-- Card 3: Fully Auto Kraft Paper -->\n        <div class=\"tb-port-card\">\n            <span class=\"tb-port-badge badge-orange\">ECOL\u00d3GICA<\/span>\n            <div class=\"tb-port-image-wrap\">\n                <img decoding=\"async\" src=\"https:\/\/tongbang-intel.com\/wp-content\/uploads\/2026\/03\/Automatic-Kraft-Paper-Banding-Hand-Towel-Line.webp\" alt=\"L\u00ednea Completamente Autom\u00e1tica de Enfajado de Papel Kraft\">\n            <\/div>\n            <div class=\"tb-port-content\">\n                <h3 class=\"tb-port-title\">L\u00cdNEA COMPLETAMENTE AUTOM\u00c1TICA DE ENFAJADO DE PAPEL KRAFT<\/h3>\n                <div class=\"tb-port-subcat\">L\u00cdNEA SOSTENIBLE EN V<\/div>\n                <ul class=\"tb-port-bullets\">\n                    <li>Enfajado Autom\u00e1tico de Precisi\u00f3n con Papel Kraft<\/li>\n                    <li>Resultado de empaque 100% ecol\u00f3gico<\/li>\n                    <li>Plataforma avanzada de plegado Z\/N con servo<\/li>\n                    <li>Elimina la envoltura de pl\u00e1stico de un solo uso<\/li>\n                    <li>Dise\u00f1ado para mercados globales sostenibles<\/li>\n                <\/ul>\n                <a href=\"https:\/\/tongbang-intel.com\/fully-automatic-kraft-paper-banding-production-line\/\" class=\"tb-port-btn\">M\u00c1S INFORMACI\u00d3N \u2192<\/a>\n            <\/div>\n        <\/div>\n    <\/div>\n<\/div>\n\t\t\t\t<\/div>\n\t\t\t\t<\/div>\n\t\t\t\t<\/div>\n\t\t","protected":false},"excerpt":{"rendered":"<p>CATEGOR\u00cdA DE PRODUCTO L\u00cdNEAS DETOALLAS DE MANOINDUSTRIALES Dise\u00f1adas con precisi\u00f3n para los mercados de higiene comercial. Nuestro portafolio de toallas de mano en V abarca desde m\u00f3dulos semiautom\u00e1ticos flexibles hasta sistemas rob\u00f3ticos 100% llave en mano, destacando por su envoltura de film a alta velocidad y enfajado en papel kraft sin pl\u00e1stico. EXPLORAR MODELOS COMPARAR [&hellip;]<\/p>\n","protected":false},"author":1,"featured_media":0,"parent":0,"menu_order":0,"comment_status":"closed","ping_status":"closed","template":"","meta":{"inline_featured_image":false,"footnotes":""},"class_list":["post-8508","page","type-page","status-publish","hentry"],"_links":{"self":[{"href":"https:\/\/tongbang-intel.com\/es\/wp-json\/wp\/v2\/pages\/8508","targetHints":{"allow":["GET"]}}],"collection":[{"href":"https:\/\/tongbang-intel.com\/es\/wp-json\/wp\/v2\/pages"}],"about":[{"href":"https:\/\/tongbang-intel.com\/es\/wp-json\/wp\/v2\/types\/page"}],"author":[{"embeddable":true,"href":"https:\/\/tongbang-intel.com\/es\/wp-json\/wp\/v2\/users\/1"}],"replies":[{"embeddable":true,"href":"https:\/\/tongbang-intel.com\/es\/wp-json\/wp\/v2\/comments?post=8508"}],"version-history":[{"count":6,"href":"https:\/\/tongbang-intel.com\/es\/wp-json\/wp\/v2\/pages\/8508\/revisions"}],"predecessor-version":[{"id":8515,"href":"https:\/\/tongbang-intel.com\/es\/wp-json\/wp\/v2\/pages\/8508\/revisions\/8515"}],"wp:attachment":[{"href":"https:\/\/tongbang-intel.com\/es\/wp-json\/wp\/v2\/media?parent=8508"}],"curies":[{"name":"wp","href":"https:\/\/api.w.org\/{rel}","templated":true}]}}