{"id":8555,"date":"2026-04-01T09:53:08","date_gmt":"2026-04-01T09:53:08","guid":{"rendered":"https:\/\/tongbang-intel.com\/linea-de-servilletas-de-dos-cabezales-totalmente-automatica\/"},"modified":"2026-04-13T04:58:32","modified_gmt":"2026-04-13T04:58:32","slug":"linea-de-servilletas-de-dos-cabezales-totalmente-automatica","status":"publish","type":"page","link":"https:\/\/tongbang-intel.com\/es\/linea-de-servilletas-de-dos-cabezales-totalmente-automatica\/","title":{"rendered":"l\u00ednea de servilletas de dos cabezales totalmente autom\u00e1tica"},"content":{"rendered":"\t\t<div data-elementor-type=\"wp-page\" data-elementor-id=\"8555\" class=\"elementor elementor-8555 elementor-8195\" data-elementor-post-type=\"page\">\n\t\t\t\t<div class=\"elementor-element elementor-element-903b093 e-flex e-con-boxed e-con e-parent\" data-id=\"903b093\" data-element_type=\"container\" data-e-type=\"container\" data-settings=\"{&quot;background_background&quot;:&quot;classic&quot;}\">\n\t\t\t\t\t<div class=\"e-con-inner\">\n\t\t<div class=\"elementor-element elementor-element-7b76f37 e-con-full e-flex e-con e-child\" data-id=\"7b76f37\" data-element_type=\"container\" data-e-type=\"container\">\n\t\t\t\t<div class=\"elementor-element elementor-element-13bdc99 elementor-mobile-align-center elementor-widget elementor-widget-button\" data-id=\"13bdc99\" data-element_type=\"widget\" data-e-type=\"widget\" data-widget_type=\"button.default\">\n\t\t\t\t\t\t\t\t\t\t<a class=\"elementor-button elementor-button-link elementor-size-sm\" href=\"#\">\n\t\t\t\t\t\t<span class=\"elementor-button-content-wrapper\">\n\t\t\t\t\t\t\t\t\t<span class=\"elementor-button-text\">EQUIPO LLAVE EN MANO PARA PRODUCCI\u00d3N MASIVA<\/span>\n\t\t\t\t\t<\/span>\n\t\t\t\t\t<\/a>\n\t\t\t\t\t\t\t\t<\/div>\n\t\t\t\t<div class=\"elementor-element elementor-element-b6acc48 elementor-widget elementor-widget-heading\" data-id=\"b6acc48\" data-element_type=\"widget\" data-e-type=\"widget\" data-widget_type=\"heading.default\">\n\t\t\t\t\t<h2 class=\"elementor-heading-title elementor-size-default\">L\u00cdNEAS DE DOS CABEZALES TOTALMENTE AUTOM\u00c1TICAS<\/h2>\t\t\t\t<\/div>\n\t\t\t\t<div class=\"elementor-element elementor-element-6bb509e elementor-widget elementor-widget-text-editor\" data-id=\"6bb509e\" data-element_type=\"widget\" data-e-type=\"widget\" data-widget_type=\"text-editor.default\">\n\t\t\t\t\t\t\t\t\t<p>La soluci\u00f3n definitiva para la fabricaci\u00f3n de alto volumen sin contacto humano. Nuestras l\u00edneas de dos cabezales totalmente autom\u00e1ticas combinan la producci\u00f3n extrema de canales de plegado duales sincronizados con corte autom\u00e1tico y envasado rob\u00f3tico de paquetes individuales de alta velocidad. Dise\u00f1ados para las instalaciones de transformaci\u00f3n m\u00e1s grandes del mundo, estos sistemas llave en mano masivos duplican su capacidad de producci\u00f3n mientras eliminan por completo la mano de obra desde el rollo de papel hasta el paquete minorista.  <\/p>\t\t\t\t\t\t\t\t<\/div>\n\t\t<div class=\"elementor-element elementor-element-b4c50b2 e-con-full e-flex e-con e-child\" data-id=\"b4c50b2\" data-element_type=\"container\" data-e-type=\"container\">\n\t\t\t\t<div class=\"elementor-element elementor-element-85467a9 elementor-mobile-align-justify elementor-widget elementor-widget-button\" data-id=\"85467a9\" data-element_type=\"widget\" data-e-type=\"widget\" data-widget_type=\"button.default\">\n\t\t\t\t\t\t\t\t\t\t<a class=\"elementor-button elementor-button-link elementor-size-sm\" href=\"#\">\n\t\t\t\t\t\t<span class=\"elementor-button-content-wrapper\">\n\t\t\t\t\t\t\t\t\t<span class=\"elementor-button-text\">Explorar modelos <\/span>\n\t\t\t\t\t<\/span>\n\t\t\t\t\t<\/a>\n\t\t\t\t\t\t\t\t<\/div>\n\t\t\t\t<div class=\"elementor-element elementor-element-dc4bb87 elementor-mobile-align-justify elementor-widget-mobile__width-inherit elementor-widget elementor-widget-button\" data-id=\"dc4bb87\" data-element_type=\"widget\" data-e-type=\"widget\" data-widget_type=\"button.default\">\n\t\t\t\t\t\t\t\t\t\t<a class=\"elementor-button elementor-button-link elementor-size-sm\" href=\"#\">\n\t\t\t\t\t\t<span class=\"elementor-button-content-wrapper\">\n\t\t\t\t\t\t\t\t\t<span class=\"elementor-button-text\">Comparar especificaciones<br><\/span>\n\t\t\t\t\t<\/span>\n\t\t\t\t\t<\/a>\n\t\t\t\t\t\t\t\t<\/div>\n\t\t\t\t<\/div>\n\t\t\t\t<\/div>\n\t\t\t\t\t<\/div>\n\t\t\t\t<\/div>\n\t\t<div class=\"elementor-element elementor-element-7457e5d e-con-full e-flex e-con e-parent\" data-id=\"7457e5d\" data-element_type=\"container\" data-e-type=\"container\">\n\t\t\t\t<div class=\"elementor-element elementor-element-33647c2 elementor-widget elementor-widget-html\" data-id=\"33647c2\" data-element_type=\"widget\" data-e-type=\"widget\" data-widget_type=\"html.default\">\n\t\t\t\t\t<!-- \n    SECCI\u00d3N: TABLA COMPARATIVA DE DOS CABEZALES COMPLETAMENTE AUTOM\u00c1TICA\n    ID: #comparison-table-auto-two-head\n-->\n<style>\n    \/* CSS DE ALCANCE PARA TABLA COMPARATIVA *\/\n    .tb-comparison-block {\n        padding: 80px 5%;\n        background-color: #FFFFFF;\n        font-family: 'Barlow', sans-serif;\n    }\n\n    .tb-comp-header {\n        text-align: center;\n        margin-bottom: 50px;\n    }\n\n    .tb-comp-title {\n        font-family: 'Orbitron', sans-serif;\n        font-size: 2.2rem;\n        color: #0A192F;\n        text-transform: uppercase;\n        margin-bottom: 15px;\n        font-weight: 700;\n    }\n\n    .tb-comp-sub {\n        color: #64748B;\n        font-size: 1.1rem;\n    }\n\n    .tb-table-wrapper {\n        overflow-x: auto;\n        box-shadow: 0 10px 40px rgba(0, 0, 0, 0.05);\n        border-radius: 8px;\n        border: 1px solid #E2E8F0;\n        max-width: 1200px;\n        margin: 0 auto;\n    }\n\n    .tb-tech-table {\n        width: 100%;\n        border-collapse: collapse;\n        min-width: 900px;\n    }\n\n    .tb-tech-table th,\n    .tb-tech-table td {\n        padding: 20px 25px;\n        text-align: center;\n        border-bottom: 1px solid #F1F5F9;\n    }\n\n    .tb-tech-table th {\n        font-family: 'Orbitron', sans-serif;\n        background-color: #0A192F;\n        color: white;\n        font-weight: 600;\n        text-transform: uppercase;\n        font-size: 0.95rem;\n    }\n\n    .tb-tech-table th:first-child {\n        background-color: #112240;\n        text-align: left;\n        width: 25%;\n    }\n\n    .tb-tech-table td:first-child {\n        text-align: left;\n        font-weight: 700;\n        color: #0A192F;\n        background-color: #F8FAFC;\n    }\n\n    .tb-tech-table tr:last-child td {\n        border-bottom: none;\n    }\n\n    .tb-tech-table tr:hover td:not(:first-child) {\n        background-color: #F8FAFC;\n        transition: background-color 0.2s ease;\n    }\n\n    .tb-metric-highlight {\n        color: #0077C8;\n        font-weight: 700;\n    }\n    \n    .tb-metric-gold {\n         color: #F05A00;\n         font-weight: 700;\n    }\n\n    \/* Dise\u00f1o Responsivo *\/\n    @media (max-width: 768px) {\n        .tb-comp-title {\n            font-size: 1.8rem;\n        }\n\n        .tb-tech-table th,\n        .tb-tech-table td {\n            padding: 15px 15px;\n            font-size: 0.9rem;\n        }\n    }\n<\/style>\n\n<div id=\"comparison\" class=\"tb-comparison-block\">\n    <div class=\"tb-comp-header\">\n        <h2 class=\"tb-comp-title\">Comparaci\u00f3n Llave en Mano de Volumen Masivo<\/h2>\n        <p class=\"tb-comp-sub\">Compare especificaciones para elegir la l\u00ednea de producci\u00f3n de doble canal completamente automatizada \u00f3ptima.<\/p>\n    <\/div>\n    <div class=\"tb-table-wrapper\">\n        <table class=\"tb-tech-table\">\n            <thead>\n                <tr>\n                    <th>Especificaci\u00f3n<\/th>\n                    <th>Dos Cabezales Autom\u00e1tica<\/th>\n                    <th>Dos Cabezales de 2 Colores Autom\u00e1tica<\/th>\n                    <th>Laminaci\u00f3n de Dos Cabezales Autom\u00e1tica<\/th>\n                <\/tr>\n            <\/thead>\n            <tbody>\n                <tr>\n                    <td>Velocidad de Producci\u00f3n<\/td>\n                    <td class=\"tb-metric-highlight\">Hasta 2800 pzs\/min (Combinada)<\/td>\n                    <td class=\"tb-metric-highlight\">Hasta 2800 pzs\/min (Combinada)<\/td>\n                    <td class=\"tb-metric-highlight\">Hasta 2800 pzs\/min (Combinada)<\/td>\n                <\/tr>\n                <tr>\n                    <td>Sierra Cortadora y Empaque<\/td>\n                    <td class=\"tb-metric-gold\">Autom\u00e1tico de Doble Canal<\/td>\n                    <td class=\"tb-metric-gold\">Autom\u00e1tico de Doble Canal<\/td>\n                    <td class=\"tb-metric-gold\">Autom\u00e1tico de Doble Canal<\/td>\n                <\/tr>\n                <tr>\n                    <td>Opciones de Plegado<\/td>\n                    <td>Plegado en 1\/4<\/td>\n                    <td>Plegado en 1\/4<\/td>\n                    <td>Plegado en 1\/4<\/td>\n                <\/tr>\n                <tr>\n                    <td>Tama\u00f1o Desplegado<\/td>\n                    <td>190mm - 420mm<\/td>\n                    <td>190mm - 420mm<\/td>\n                    <td>190mm - 420mm<\/td>\n                <\/tr>\n                <tr>\n                    <td>Gofrado \/ Laminaci\u00f3n<\/td>\n                    <td>Unidad de Gofrado Simple<\/td>\n                    <td>Unidad de Gofrado Simple<\/td>\n                    <td>Unidad de Laminaci\u00f3n<\/td>\n                <\/tr>\n                <tr>\n                    <td>Sistema de Impresi\u00f3n<\/td>\n                    <td>\u2014<\/td>\n                    <td>Impresi\u00f3n a 2 Colores<\/td>\n                    <td>Impresi\u00f3n a 2 Colores<\/td>\n                <\/tr>\n            <\/tbody>\n        <\/table>\n    <\/div>\n<\/div>\n\t\t\t\t<\/div>\n\t\t\t\t<\/div>\n\t\t<div class=\"elementor-element elementor-element-bfce1a5 e-con-full e-flex e-con e-parent\" data-id=\"bfce1a5\" data-element_type=\"container\" data-e-type=\"container\">\n\t\t\t\t<div class=\"elementor-element elementor-element-dc373a0 elementor-widget elementor-widget-html\" data-id=\"dc373a0\" data-element_type=\"widget\" data-e-type=\"widget\" data-widget_type=\"html.default\">\n\t\t\t\t\t<!-- \n    SECCI\u00d3N: L\u00cdNEA DE PRODUCTOS (SERIE DE DOS CABEZALES COMPLETAMENTE AUTOM\u00c1TICA)\n    MARCA: Tongbang Intelligent Equipment\n-->\n<style>\n    \/* FUENTES *\/\n    @import url('https:\/\/fonts.googleapis.com\/css2?family=Barlow:wght@400;600;700&family=Orbitron:wght@700&display=swap');\n\n    .tb-lineup-section {\n        padding: 100px 5%;\n        background-color: #F8FAFC; \n        font-family: 'Barlow', sans-serif;\n    }\n\n    .tb-lineup-header {\n        text-align: center;\n        margin-bottom: 60px;\n    }\n\n    .tb-lineup-title {\n        font-family: 'Orbitron', sans-serif;\n        font-size: 2.8rem;\n        color: #0A192F;\n        text-transform: uppercase;\n        margin-bottom: 10px;\n        font-weight: 700;\n        letter-spacing: 2px;\n    }\n\n    .tb-lineup-subtitle {\n        color: #0077C8;\n        font-weight: 600;\n        text-transform: uppercase;\n        letter-spacing: 3px;\n        font-size: 0.9rem;\n    }\n\n    .tb-lineup-grid {\n        display: grid;\n        grid-template-columns: repeat(3, 1fr);\n        gap: 30px;\n        max-width: 1300px;\n        margin: 0 auto;\n    }\n\n    \/* ESTILOS DE TARJETA *\/\n    .tb-prod-card {\n        background: #FFFFFF;\n        border-radius: 4px;\n        overflow: hidden;\n        border: 1px solid #E2E8F0;\n        transition: all 0.4s cubic-bezier(0.165, 0.84, 0.44, 1);\n        display: flex;\n        flex-direction: column;\n    }\n\n    .tb-prod-card:hover {\n        transform: translateY(-12px);\n        box-shadow: 0 30px 60px rgba(10, 25, 47, 0.15);\n        border-color: #0077C8;\n    }\n\n    .tb-card-img-wrap {\n        position: relative;\n        height: 300px; \n        overflow: hidden;\n        background-color: #ffffff;\n        display: flex;\n        align-items: center;\n        justify-content: center;\n        border-bottom: 1px solid #F1F5F9;\n    }\n\n    .tb-card-img {\n        width: 85%;\n        height: auto;\n        object-fit: contain;\n        transition: transform 0.6s ease;\n    }\n\n    .tb-prod-card:hover .tb-card-img {\n        transform: scale(1.05);\n    }\n\n    .tb-card-badge {\n        position: absolute;\n        top: 20px;\n        right: 20px;\n        background: #F05A00;\n        color: white;\n        padding: 5px 15px;\n        font-size: 0.75rem;\n        font-weight: 700;\n        text-transform: uppercase;\n        border-radius: 2px;\n        z-index: 10;\n    }\n\n    .tb-card-body {\n        padding: 35px 30px;\n        flex-grow: 1;\n        display: flex;\n        flex-direction: column;\n    }\n\n    .tb-card-title {\n        font-family: 'Orbitron', sans-serif;\n        font-size: 1.6rem;\n        color: #0A192F;\n        margin-bottom: 5px;\n        font-weight: 700;\n        line-height: 1.2;\n    }\n\n    .tb-card-tag {\n        color: #64748B;\n        font-weight: 500;\n        text-transform: uppercase;\n        font-size: 0.85rem;\n        margin-bottom: 25px;\n        letter-spacing: 1px;\n    }\n\n    .tb-feat-list {\n        list-style: none;\n        padding: 0;\n        margin: 0 0 35px 0;\n    }\n\n    .tb-feat-list li {\n        position: relative;\n        padding-left: 25px;\n        margin-bottom: 12px;\n        color: #1E293B;\n        font-size: 0.95rem;\n        line-height: 1.4;\n    }\n\n    .tb-feat-list li::before {\n        content: '\u2713';\n        position: absolute;\n        left: 0;\n        color: #0077C8;\n        font-weight: 900;\n    }\n\n    \/* --- SISTEMA DE BOTONES --- *\/\n    .tb-card-actions {\n        margin-top: auto;\n        display: flex;\n        width: 100%;\n    }\n\n    .tb-btn-primary {\n        width: 100%;\n        display: inline-flex !important;\n        align-items: center;\n        justify-content: center;\n        min-height: 55px !important;\n        background-color: #F05A00 !important;\n        color: white !important;\n        font-family: 'Orbitron', sans-serif !important;\n        font-weight: 700;\n        text-transform: uppercase;\n        font-size: 0.9rem;\n        letter-spacing: 1.5px;\n        border-radius: 2px;\n        border: 2px solid #F05A00 !important;\n        text-decoration: none;\n        transition: all 0.3s ease-in-out;\n    }\n\n    .tb-btn-primary:hover {\n        background-color: #0077C8 !important;\n        border-color: #0077C8 !important;\n        box-shadow: 0px 0px 20px rgba(0, 119, 200, 0.4) !important;\n        transform: translateY(-3px);\n    }\n\n    @media (max-width: 1024px) {\n        .tb-lineup-grid { grid-template-columns: repeat(2, 1fr); gap: 30px; }\n    }\n\n    @media (max-width: 768px) {\n        .tb-lineup-grid { grid-template-columns: 1fr; gap: 40px; }\n        .tb-btn-primary { min-height: 60px !important; font-size: 1rem; }\n    }\n<\/style>\n\n<div id=\"portfolio\" class=\"tb-lineup-section\">\n    <div class=\"tb-lineup-header\">\n        <p class=\"tb-lineup-subtitle\">Equipos Llave en Mano de Volumen Masivo<\/p>\n        <h2 class=\"tb-lineup-title\">Serie de Dos Cabezales Autom\u00e1tica<\/h2>\n    <\/div>\n    <div class=\"tb-lineup-grid\">\n        <!-- TARJETA 1: DOS CABEZALES AUTOM\u00c1TICA CON GOFRADO -->\n        <div class=\"tb-prod-card\">\n            <div class=\"tb-card-img-wrap\">\n                <!-- SUGERENCIA: Reemplazar SRC (P\u00e1gina 22) -->\n                <img decoding=\"async\" src=\"https:\/\/tongbang-intel.com\/wp-content\/uploads\/2026\/04\/fully-auto-two-head-embossing.webp\" class=\"tb-card-img\" alt=\"L\u00ednea de Servilletas de Dos Cabezales Completamente Autom\u00e1tica\">\n                <div class=\"tb-card-badge\">Dual Est\u00e1ndar<\/div>\n            <\/div>\n            <div class=\"tb-card-body\">\n                <h3 class=\"tb-card-title\">DOS CABEZALES AUTOM\u00c1TICA CON GOFRADO<\/h3>\n                <p class=\"tb-card-tag\">L\u00ednea Dual Completamente Autom\u00e1tica<\/p>\n                <ul class=\"tb-feat-list\">\n                    <li>Sierras Cortadoras y Empaque Integrados Duales<\/li>\n                    <li>Canales de Plegado Paralelos Sincronizados<\/li>\n                    <li>Velocidad Combinada: Hasta 2800 pzs\/min<\/li>\n                    <li>Unidades de Gofrado Simple de Precisi\u00f3n<\/li>\n                    <li>Producci\u00f3n Masiva sin Contacto<\/li>\n                <\/ul>\n                <div class=\"tb-card-actions\">\n                    <a href=\"https:\/\/tongbang-intel.com\/es\/linea-de-servilletas-de-dos-cabezales-totalmente-automatica-con-gofrado\/\" class=\"tb-btn-primary\">M\u00c1S INFORMACI\u00d3N &nbsp; &#8594;<\/a>\n                <\/div>\n            <\/div>\n        <\/div>\n\n        <!-- TARJETA 2: DOS CABEZALES AUTOM\u00c1TICA 2 COLORES -->\n        <div class=\"tb-prod-card\">\n            <div class=\"tb-card-img-wrap\">\n                <!-- SUGERENCIA: Reemplazar SRC (P\u00e1gina 21) -->\n                <img decoding=\"async\" src=\"https:\/\/tongbang-intel.com\/wp-content\/uploads\/2026\/04\/fully-auto-two-head-2-color.webp\" class=\"tb-card-img\" alt=\"L\u00ednea de 2 Colores de Dos Cabezales Completamente Autom\u00e1tica\">\n                <div class=\"tb-card-badge\" style=\"background-color: #0077C8;\">Dual de 2 Colores<\/div>\n            <\/div>\n            <div class=\"tb-card-body\">\n                <h3 class=\"tb-card-title\">DOS CABEZALES AUTOM\u00c1TICA 2 COLORES<\/h3>\n                <p class=\"tb-card-tag\">L\u00ednea de Impresi\u00f3n Llave en Mano Dual<\/p>\n                <ul class=\"tb-feat-list\">\n                    <li>Sistema de Impresi\u00f3n a 2 Colores Sincronizado<\/li>\n                    <li>Sierras Cortadoras Duales y Empaque Rob\u00f3tico<\/li>\n                    <li>Velocidad Combinada: Hasta 2800 pzs\/min<\/li>\n                    <li>Producci\u00f3n de Plegado Paralelo<\/li>\n                    <li>Marca Personalizada de Alto Volumen<\/li>\n                <\/ul>\n                <div class=\"tb-card-actions\">\n                    <a href=\"https:\/\/tongbang-intel.com\/es\/linea-de-servilletas-de-2-colores-de-doble-cabezal-totalmente-automatica\/\" class=\"tb-btn-primary\">M\u00c1S INFORMACI\u00d3N &nbsp; &#8594;<\/a>\n                <\/div>\n            <\/div>\n        <\/div>\n\n        <!-- TARJETA 3: DOS CABEZALES AUTOM\u00c1TICA CON LAMINACI\u00d3N -->\n        <div class=\"tb-prod-card\">\n            <div class=\"tb-card-img-wrap\">\n                <!-- SUGERENCIA: Reemplazar SRC (P\u00e1gina 20) -->\n                <img decoding=\"async\" src=\"https:\/\/tongbang-intel.com\/wp-content\/uploads\/2026\/04\/fully-auto-two-head-lamination.webp\" class=\"tb-card-img\" alt=\"L\u00ednea de Laminaci\u00f3n de Dos Cabezales Completamente Autom\u00e1tica\">\n                <div class=\"tb-card-badge\" style=\"background-color: #112240;\">Dual Premium<\/div>\n            <\/div>\n            <div class=\"tb-card-body\">\n                <h3 class=\"tb-card-title\">DOS CABEZALES AUTOM\u00c1TICA CON LAMINACI\u00d3N<\/h3>\n                <p class=\"tb-card-tag\">Llave en Mano Premium Dual<\/p>\n                <ul class=\"tb-feat-list\">\n                    <li>Laminaci\u00f3n Avanzada Punto a Punto<\/li>\n                    <li>Impresi\u00f3n a 2 Colores Sincronizada<\/li>\n                    <li>Sierras Cortadoras Duales y Empaque Rob\u00f3tico<\/li>\n                    <li>Velocidad Combinada: Hasta 2800 pzs\/min<\/li>\n                    <li>La M\u00e1xima Calidad se Encuentra con el Volumen M\u00e1ximo<\/li>\n                <\/ul>\n                <div class=\"tb-card-actions\">\n                    <a href=\"https:\/\/tongbang-intel.com\/es\/linea-de-servilletas-de-doble-cabezal-totalmente-automatica-con-laminacion\/\" class=\"tb-btn-primary\">M\u00c1S INFORMACI\u00d3N &nbsp; &#8594;<\/a>\n                <\/div>\n            <\/div>\n        <\/div>\n    <\/div>\n<\/div>\n\t\t\t\t<\/div>\n\t\t\t\t<\/div>\n\t\t\t\t<\/div>\n\t\t","protected":false},"excerpt":{"rendered":"<p>EQUIPO LLAVE EN MANO PARA PRODUCCI\u00d3N MASIVA L\u00cdNEAS DE DOS CABEZALES TOTALMENTE AUTOM\u00c1TICAS La soluci\u00f3n definitiva para la fabricaci\u00f3n de alto volumen sin contacto humano. Nuestras l\u00edneas de dos cabezales totalmente autom\u00e1ticas combinan la producci\u00f3n extrema de canales de plegado duales sincronizados con corte autom\u00e1tico y envasado rob\u00f3tico de paquetes individuales de alta velocidad. Dise\u00f1ados [&hellip;]<\/p>\n","protected":false},"author":1,"featured_media":0,"parent":0,"menu_order":0,"comment_status":"closed","ping_status":"closed","template":"","meta":{"inline_featured_image":false,"footnotes":""},"class_list":["post-8555","page","type-page","status-publish","hentry"],"_links":{"self":[{"href":"https:\/\/tongbang-intel.com\/es\/wp-json\/wp\/v2\/pages\/8555","targetHints":{"allow":["GET"]}}],"collection":[{"href":"https:\/\/tongbang-intel.com\/es\/wp-json\/wp\/v2\/pages"}],"about":[{"href":"https:\/\/tongbang-intel.com\/es\/wp-json\/wp\/v2\/types\/page"}],"author":[{"embeddable":true,"href":"https:\/\/tongbang-intel.com\/es\/wp-json\/wp\/v2\/users\/1"}],"replies":[{"embeddable":true,"href":"https:\/\/tongbang-intel.com\/es\/wp-json\/wp\/v2\/comments?post=8555"}],"version-history":[{"count":5,"href":"https:\/\/tongbang-intel.com\/es\/wp-json\/wp\/v2\/pages\/8555\/revisions"}],"predecessor-version":[{"id":8562,"href":"https:\/\/tongbang-intel.com\/es\/wp-json\/wp\/v2\/pages\/8555\/revisions\/8562"}],"wp:attachment":[{"href":"https:\/\/tongbang-intel.com\/es\/wp-json\/wp\/v2\/media?parent=8555"}],"curies":[{"name":"wp","href":"https:\/\/api.w.org\/{rel}","templated":true}]}}