{"id":3448,"date":"2025-12-22T03:42:32","date_gmt":"2025-12-22T03:42:32","guid":{"rendered":"https:\/\/tongbang-intel.com\/%e5%b7%a5%e7%a8%8b%e6%b4%9e%e5%af%9f\/"},"modified":"2026-03-03T05:20:12","modified_gmt":"2026-03-03T05:20:12","slug":"%e5%b7%a5%e7%a8%8b%e6%b4%9e%e5%af%9f","status":"publish","type":"page","link":"https:\/\/tongbang-intel.com\/zh-hans\/%e5%b7%a5%e7%a8%8b%e6%b4%9e%e5%af%9f\/","title":{"rendered":"\u5de5\u7a0b\u6d1e\u5bdf"},"content":{"rendered":"\t\t<div data-elementor-type=\"wp-page\" data-elementor-id=\"3448\" class=\"elementor elementor-3448 elementor-2215\" data-elementor-post-type=\"page\">\n\t\t\t\t<div class=\"elementor-element elementor-element-7e9ec12 e-con-full e-flex e-con e-parent\" data-id=\"7e9ec12\" data-element_type=\"container\" data-e-type=\"container\">\n\t\t\t\t<div class=\"elementor-element elementor-element-0293bc4 elementor-widget elementor-widget-html\" data-id=\"0293bc4\" data-element_type=\"widget\" data-e-type=\"widget\" data-widget_type=\"html.default\">\n\t\t\t\t\t<!-- \n    SECTION: BLOG ARCHIVE \/ JOURNAL INDEX\n    ID: #tb-blog-archive\n    NOTE: Copy this entire block into an Elementor HTML Widget.\n-->\n<style>\n    \/* SCOPED CSS FOR BLOG ARCHIVE *\/\n    #tb-blog-archive {\n        font-family: 'Barlow', sans-serif;\n        color: #0A192F;\n        background-color: #F8FAFC;\n        \/* Light industrial background *\/\n        overflow-x: hidden;\n    }\n\n    \/* --- 1. HERO SECTION --- *\/\n    .tb-archive-hero {\n        position: relative;\n        padding: 100px 20px 60px;\n        background-color: #0A192F;\n        display: flex;\n        flex-direction: column;\n        align-items: center;\n        text-align: center;\n        overflow: hidden;\n    }\n\n    \/* Subtle Grid Background *\/\n    .tb-archive-hero::before {\n        content: '';\n        position: absolute;\n        top: 0;\n        left: 0;\n        width: 100%;\n        height: 100%;\n        background-image:\n            linear-gradient(rgba(0, 119, 200, 0.1) 1px, transparent 1px),\n            linear-gradient(90deg, rgba(0, 119, 200, 0.1) 1px, transparent 1px);\n        background-size: 50px 50px;\n        opacity: 0.5;\n        pointer-events: none;\n    }\n\n    .tb-hero-title {\n        font-family: 'Orbitron', sans-serif;\n        font-weight: 700;\n        font-size: clamp(1.8rem, 4vw, 2.6rem); \/* Un 30% m\u00e1s peque\u00f1o *\/\n        color: #FFFFFF;\n        text-transform: uppercase;\n        letter-spacing: 2px;\n        margin: 0 0 15px 0;\n        position: relative;\n        z-index: 2;\n    }\n\n    .tb-hero-subtitle {\n        font-size: clamp(1rem, 2vw, 1.25rem);\n        color: #94A3B8;\n        max-width: 600px;\n        font-weight: 400;\n        position: relative;\n        z-index: 2;\n        margin: 0;\n    }\n\n    \/* --- 2. CONTROL PANEL (SEARCH & FILTER) --- *\/\n    .tb-controls-bar {\n        background: #FFFFFF;\n        border-bottom: 2px solid #E2E8F0;\n        padding: 20px 5%;\n        display: flex;\n        justify-content: space-between;\n        align-items: center;\n        flex-wrap: wrap;\n        gap: 20px;\n    }\n\n    .tb-filter-group {\n        display: flex;\n        gap: 10px;\n        flex-wrap: wrap;\n    }\n\n    .tb-filter-btn {\n        background: transparent;\n        border: 1px solid #E2E8F0;\n        color: #64748B;\n        padding: 8px 16px;\n        font-family: 'Orbitron', sans-serif;\n        font-weight: 600;\n        font-size: 0.85rem;\n        text-transform: uppercase;\n        cursor: pointer;\n        transition: all 0.2s ease;\n    }\n\n    .tb-filter-btn:hover,\n    .tb-filter-btn.active {\n        background: #0077C8;\n        color: #FFFFFF;\n        border-color: #0077C8;\n    }\n\n    .tb-search-box {\n        position: relative;\n        min-width: 250px;\n    }\n\n    .tb-search-input {\n        width: 100%;\n        padding: 10px 15px;\n        border: 1px solid #E2E8F0;\n        background: #F1F5F9;\n        font-family: 'Barlow', sans-serif;\n        color: #0A192F;\n        outline: none;\n    }\n\n    .tb-search-input:focus {\n        border-color: #0077C8;\n        background: #FFFFFF;\n    }\n\n    .tb-search-icon {\n        position: absolute;\n        right: 15px;\n        top: 50%;\n        transform: translateY(-50%);\n        color: #94A3B8;\n        font-size: 0.9rem;\n    }\n\n    \/* --- 3. ARTICLE GRID --- *\/\n    .tb-article-grid {\n        display: grid;\n        grid-template-columns: repeat(3, 1fr);\n        gap: 30px;\n        max-width: 1400px;\n        margin: 60px auto;\n        padding: 0 20px;\n    }\n\n    .tb-article-card {\n        background: #FFFFFF;\n        border: 1px solid #E2E8F0;\n        display: flex;\n        flex-direction: column;\n        transition: all 0.3s cubic-bezier(0.25, 0.8, 0.25, 1);\n        position: relative;\n        height: 100%;\n    }\n\n    .tb-article-card:hover {\n        transform: translateY(-5px);\n        box-shadow: 0 15px 30px rgba(10, 25, 47, 0.1);\n        border-color: #0077C8;\n    }\n\n    \/* Decorative corner accent on hover *\/\n    .tb-article-card::after {\n        content: '';\n        position: absolute;\n        top: 0;\n        right: 0;\n        width: 0;\n        height: 4px;\n        background: #0077C8;\n        transition: width 0.3s ease;\n    }\n\n    .tb-article-card:hover::after {\n        width: 100%;\n    }\n\n    .tb-card-thumb {\n        height: 240px;\n        background-color: #E2E8F0;\n        background-size: cover;\n        background-position: center;\n        position: relative;\n        overflow: hidden;\n    }\n\n    .tb-card-thumb img {\n        width: 100%;\n        height: 100%;\n        object-fit: cover;\n        transition: transform 0.6s ease;\n    }\n\n    .tb-article-card:hover .tb-card-thumb img {\n        transform: scale(1.05);\n    }\n\n    .tb-card-content {\n        padding: 30px;\n        display: flex;\n        flex-direction: column;\n        flex-grow: 1;\n    }\n\n    .tb-card-meta {\n        display: flex;\n        justify-content: space-between;\n        align-items: center;\n        margin-bottom: 20px;\n    }\n\n    .tb-category-badge {\n        font-family: 'Orbitron', sans-serif;\n        font-weight: 700;\n        font-size: 0.75rem;\n        text-transform: uppercase;\n        padding: 4px 10px;\n        letter-spacing: 1px;\n    }\n\n    .tb-badge-cyan {\n        background: rgba(0, 119, 200, 0.1);\n        color: #0077C8;\n    }\n\n    .tb-badge-orange {\n        background: rgba(240, 90, 0, 0.1);\n        color: #F05A00;\n    }\n\n    .tb-read-time {\n        font-size: 0.85rem;\n        color: #94A3B8;\n        display: flex;\n        align-items: center;\n        gap: 5px;\n    }\n\n    .tb-card-title {\n        font-family: 'Orbitron', sans-serif !important;\n        font-weight: 700 !important;\n        font-size: 1rem !important; \/* Reducci\u00f3n dr\u00e1stica a tama\u00f1o base *\/\n        line-height: 1.4 !important; \/* M\u00e1s espacio entre l\u00edneas para que respire *\/\n        color: #0A192F !important;\n        margin: 0 0 15px 0 !important;\n        text-transform: uppercase !important;\n        letter-spacing: 1px !important; \/* Un poco de aire entre letras *\/\n    }\n\n    .tb-card-excerpt {\n        font-size: 1rem;\n        color: #64748B;\n        line-height: 1.6;\n        margin: 0 0 25px 0;\n        display: -webkit-box;\n        -webkit-line-clamp: 3;\n        -webkit-box-orient: vertical;\n        overflow: hidden;\n        flex-grow: 1;\n        \/* Pushes footer down *\/\n    }\n\n    .tb-card-footer {\n        border-top: 1px solid #F1F5F9;\n        padding-top: 20px;\n        display: flex;\n        align-items: center;\n    }\n\n    .tb-read-link {\n        color: #0077C8;\n        font-weight: 600;\n        text-transform: uppercase;\n        font-size: 0.9rem;\n        text-decoration: none;\n        display: inline-flex;\n        align-items: center;\n        gap: 8px;\n        transition: gap 0.2s ease;\n    }\n\n    .tb-read-link:hover {\n        gap: 12px;\n    }\n\n    \/* --- 5. PAGINATION --- *\/\n    .tb-pagination-block {\n        text-align: center;\n        padding: 40px 0 80px;\n    }\n\n    .tb-load-more {\n        background: #F05A00;\n        \/* Action Orange *\/\n        color: #FFFFFF;\n        border: none;\n        padding: 15px 40px;\n        font-family: 'Orbitron', sans-serif;\n        font-weight: 700;\n        text-transform: uppercase;\n        font-size: 1rem;\n        cursor: pointer;\n        transition: background 0.3s ease;\n    }\n\n    .tb-load-more:hover {\n        background: #D94E00;\n    }\n\n    \/* RESPONSIVE *\/\n    @media (max-width: 1024px) {\n        .tb-article-grid {\n            grid-template-columns: repeat(2, 1fr);\n        }\n    }\n\n    @media (max-width: 768px) {\n        .tb-controls-bar {\n            flex-direction: column;\n            align-items: stretch;\n        }\n\n        .tb-search-box {\n            width: 100%;\n        }\n\n        .tb-filter-group {\n            width: 100%;\n            justify-content: center;\n        }\n\n        \/* Scrollable pills style could also work, but center wrapping is safer *\/\n        .tb-article-grid {\n            grid-template-columns: 1fr;\n        }\n\n        .tb-archive-hero {\n            padding: 60px 20px 40px;\n        }\n    }\n<\/style>\n\n<div id=\"tb-blog-archive\">\n    <!-- Hero Section -->\n    <section class=\"tb-archive-hero\">\n        <h1 class=\"tb-hero-title\">\u884c\u4e1a\u6d1e\u5bdf<\/h1>\n        <p class=\"tb-hero-subtitle\">\u5173\u4e8e\u751f\u6d3b\u7528\u7eb8\u52a0\u5de5\u6280\u672f\u3001\u8bbe\u5907\u7ef4\u62a4\u65b9\u6848\u53ca\u5e02\u573a\u6f14\u53d8\u8d8b\u52bf\u7684\u4e13\u5bb6\u5206\u6790\u3002<\/p>\n    <\/section>\n\n    <!-- Controls \/ Filter Bar -->\n    <div class=\"tb-controls-bar\">\n        <div class=\"tb-filter-group\">\n            <button class=\"tb-filter-btn active\">\u6240\u6709\u6587\u7ae0<\/button>\n            <button class=\"tb-filter-btn\">\u6280\u672f\u5206\u6790<\/button>\n            <button class=\"tb-filter-btn\">\u7ef4\u62a4\u4fdd\u517b<\/button>\n            <button class=\"tb-filter-btn\">\u884c\u4e1a\u8d8b\u52bf<\/button>\n        <\/div>\n        <div class=\"tb-search-box\">\n            <input type=\"text\" class=\"tb-search-input\" placeholder=\"\u641c\u7d22\u6280\u672f\u6587\u7ae0...\">\n            <span class=\"tb-search-icon\"><i class=\"fas fa-search\"><\/i><\/span>\n        <\/div>\n    <\/div>\n\n    <!-- Article Grid -->\n    <div class=\"tb-article-grid\">\n        <!-- Article 1: ROI Analysis -->\n        <article class=\"tb-article-card\">\n            <div class=\"tb-card-thumb\">\n                <img decoding=\"async\" src=\"https:\/\/tongbang-intel.com\/wp-content\/uploads\/2026\/01\/Blog-001-2-Img-Tong-Bang-Factory.webp\" alt=\"ROI Analysis\">\n            <\/div>\n            <div class=\"tb-card-content\">\n                <div class=\"tb-card-meta\">\n                    <span class=\"tb-category-badge tb-badge-cyan\">\u6280\u672f\u5206\u6790<\/span>\n                    <span class=\"tb-read-time\"><i class=\"far fa-clock\"><\/i> 6 \u5206\u949f\u9605\u8bfb<\/span>\n                <\/div>\n                <h2 class=\"tb-card-title\">\u542f\u505c\u5f0f vs \u4e0d\u505c\u673a\uff1a\u6218\u7565\u6027 ROI \u5206\u6790<\/h2>\n                <p class=\"tb-card-excerpt\">\n                    \u5bf9\u6bd4 CAPEX \u4e0e\u5206\u5207\u6548\u7387\u3002\u4e86\u89e3\u8fde\u7eed\u5377\u53d6\u7cfb\u7edf\u5982\u4f55\u51cf\u5c11 3-5% \u7684\u5e9f\u6599\uff0c\u5e76\u6bcf\u73ed\u6b21\u589e\u52a0 2 \u5c0f\u65f6\u7684\u6709\u6548\u4ea7\u51fa\u3002\n                <\/p>\n                <div class=\"tb-card-footer\">\n                    <a href=\"https:\/\/tongbang-intel.com\/zh-hans\/%e5%90%af%e5%81%9c%e5%bc%8f-vs-%e4%b8%8d%e5%81%9c%e6%9c%ba%e5%a4%8d%e5%8d%b7%e6%9c%ba\/\" class=\"tb-read-link\">\n                        \u9605\u8bfb\u5206\u6790 <i class=\"fas fa-arrow-right\"><\/i>\n                    <\/a>\n                <\/div>\n            <\/div>\n        <\/article>\n\n        <!-- Article 2: Maintenance Tips -->\n        <article class=\"tb-article-card\">\n            <div class=\"tb-card-thumb\">\n                <img decoding=\"async\" src=\"https:\/\/tongbang-intel.com\/wp-content\/uploads\/2025\/12\/Blog-002.webp\" alt=\"Maintenance\">\n            <\/div>\n            <div class=\"tb-card-content\">\n                <div class=\"tb-card-meta\">\n                    <span class=\"tb-category-badge tb-badge-cyan\">\u7ef4\u62a4\u4fdd\u517b<\/span>\n                    <span class=\"tb-read-time\"><i class=\"far fa-clock\"><\/i> 8 \u5206\u949f\u9605\u8bfb<\/span>\n                <\/div>\n                <h2 class=\"tb-card-title\">\u5206\u5207\u590d\u5377\u673a\u7684 5 \u4e2a\u5173\u952e\u7ef4\u62a4\u8981\u70b9<\/h2>\n                <p class=\"tb-card-excerpt\">\n                    \u5229\u7528\u6211\u4eec\u7684\u8be6\u7ec6\u68c0\u67e5\u6e05\u5355\u6700\u5927\u5316\u6b63\u5e38\u8fd0\u884c\u65f6\u95f4\u3002\u4ece\u7cbe\u5bc6\u5200\u5177\u7ba1\u7406\u5230 PLC \u8bca\u65ad\uff0c\u5168\u65b9\u4f4d\u4fdd\u62a4\u60a8\u7684\u6838\u5fc3\u8d44\u4ea7\u3002\n                <\/p>\n                <div class=\"tb-card-footer\">\n                    <a href=\"https:\/\/tongbang-intel.com\/zh-hans\/%e5%88%86%e5%88%87%e5%a4%8d%e5%8d%b7%e6%9c%ba%e7%9a%84-5-%e4%b8%aa%e7%bb%b4%e6%8a%a4%e4%bf%9d%e5%85%bb%e8%a6%81%e7%82%b9\/\" class=\"tb-read-link\">\n                        \u83b7\u53d6\u6307\u5357 <i class=\"fas fa-arrow-right\"><\/i>\n                    <\/a>\n                <\/div>\n            <\/div>\n        <\/article>\n\n        <!-- Article 3: Embossing Trends -->\n        <article class=\"tb-article-card\">\n            <div class=\"tb-card-thumb\">\n                <img decoding=\"async\" src=\"https:\/\/tongbang-intel.com\/wp-content\/uploads\/2025\/12\/blog-003.webp\" alt=\"Trends\">\n            <\/div>\n            <div class=\"tb-card-content\">\n                <div class=\"tb-card-meta\">\n                    <span class=\"tb-category-badge tb-badge-orange\">\u884c\u4e1a\u8d8b\u52bf<\/span>\n                    <span class=\"tb-read-time\"><i class=\"far fa-clock\"><\/i> 5 \u5206\u949f\u9605\u8bfb<\/span>\n                <\/div>\n                <h2 class=\"tb-card-title\">2027 \u5e74\u751f\u6d3b\u7528\u7eb8\u538b\u82b1\u6d88\u8d39\u8d8b\u52bf<\/h2>\n                <p class=\"tb-card-excerpt\">\n                    \u7f8e\u5b66\u4e0e\u5de5\u7a0b\u7684\u4ea4\u6c47\u3002\u63a2\u7d22\u201c\u53ef\u6301\u7eed\u6027\u4e0e\u6027\u80fd\u6096\u8bba\u201d\u53ca\u89e6\u89c9\u6280\u672f\u5982\u4f55\u91cd\u5851\u9ad8\u7aef\u5e02\u573a\u3002\n                <\/p>\n                <div class=\"tb-card-footer\">\n                    <a href=\"https:\/\/tongbang-intel.com\/zh-hans\/2025-%e5%b9%b4%e5%8e%8b%e8%8a%b1%e6%b5%81%e8%a1%8c%e8%b6%8b%e5%8a%bf\/\" class=\"tb-read-link\">\n                        \u67e5\u770b\u62a5\u544a <i class=\"fas fa-arrow-right\"><\/i>\n                    <\/a>\n                <\/div>\n            <\/div>\n        <\/article>\n    <\/div>\n\n    <!-- Pagination -->\n    <div class=\"tb-pagination-block\">\n        <button class=\"tb-load-more\">\u52a0\u8f7d\u66f4\u591a\u6587\u7ae0<\/button>\n    <\/div>\n<\/div>\t\t\t\t<\/div>\n\t\t\t\t<\/div>\n\t\t\t\t<\/div>\n\t\t","protected":false},"excerpt":{"rendered":"<p>\u884c\u4e1a\u6d1e\u5bdf \u5173\u4e8e\u751f\u6d3b\u7528\u7eb8\u52a0\u5de5\u6280\u672f\u3001\u8bbe\u5907\u7ef4\u62a4\u65b9\u6848\u53ca\u5e02\u573a\u6f14\u53d8\u8d8b\u52bf\u7684\u4e13\u5bb6\u5206\u6790\u3002 \u6240\u6709\u6587\u7ae0 \u6280\u672f\u5206\u6790 \u7ef4\u62a4\u4fdd\u517b \u884c\u4e1a\u8d8b\u52bf [&hellip;]<\/p>\n","protected":false},"author":1,"featured_media":0,"parent":0,"menu_order":0,"comment_status":"closed","ping_status":"closed","template":"elementor_header_footer","meta":{"inline_featured_image":false,"footnotes":""},"class_list":["post-3448","page","type-page","status-publish","hentry"],"_links":{"self":[{"href":"https:\/\/tongbang-intel.com\/zh-hans\/wp-json\/wp\/v2\/pages\/3448","targetHints":{"allow":["GET"]}}],"collection":[{"href":"https:\/\/tongbang-intel.com\/zh-hans\/wp-json\/wp\/v2\/pages"}],"about":[{"href":"https:\/\/tongbang-intel.com\/zh-hans\/wp-json\/wp\/v2\/types\/page"}],"author":[{"embeddable":true,"href":"https:\/\/tongbang-intel.com\/zh-hans\/wp-json\/wp\/v2\/users\/1"}],"replies":[{"embeddable":true,"href":"https:\/\/tongbang-intel.com\/zh-hans\/wp-json\/wp\/v2\/comments?post=3448"}],"version-history":[{"count":13,"href":"https:\/\/tongbang-intel.com\/zh-hans\/wp-json\/wp\/v2\/pages\/3448\/revisions"}],"predecessor-version":[{"id":7402,"href":"https:\/\/tongbang-intel.com\/zh-hans\/wp-json\/wp\/v2\/pages\/3448\/revisions\/7402"}],"wp:attachment":[{"href":"https:\/\/tongbang-intel.com\/zh-hans\/wp-json\/wp\/v2\/media?parent=3448"}],"curies":[{"name":"wp","href":"https:\/\/api.w.org\/{rel}","templated":true}]}}